{"id":13,"date":"2026-01-03T14:26:18","date_gmt":"2026-01-03T14:26:18","guid":{"rendered":"https:\/\/perroquet-perroquets.com\/formations\/index.php\/login\/"},"modified":"2026-01-05T13:37:09","modified_gmt":"2026-01-05T13:37:09","slug":"login","status":"publish","type":"page","link":"https:\/\/perroquet-perroquets.com\/formations\/index.php\/login\/","title":{"rendered":"Connexion"},"content":{"rendered":"\n<p>Cliquez le lien pour vous connecter avec les codes qui vous ont \u00e9t\u00e9 transmis et voir vos vid\u00e9os. <\/p>\n\n\n<p><a href=\"https:\/\/www.perroquet-perroquets.com\/formations\/wp-login.php\">https:\/\/www.perroquet-perroquets.com\/formations\/wp-login.php<\/a><\/p>\n\n\n<pre class=\"wp-block-code\"><code>      <\/code><\/pre>\n\n\n\n&nbsp;<br>&nbsp;<br>\n\n\n\n<p>Si vous n&rsquo;avez pas command\u00e9 de codes d&rsquo;acc\u00e8s, passez par la boutique: <\/p>\n\n\n\n<p><a href=\"https:\/\/www.perroquet-perroquets.com\/boutique\/livres-DVD.php\">https:\/\/www.perroquet-perroquets.com\/boutique\/livres-DVD.php<\/a><\/p>\n\n\n\n<p>Si vous n&rsquo;avez pas re\u00e7u vos codes d&rsquo;acc\u00e8s apr\u00e8s 24 heures, contactez-nous:<\/p>\n\n\n\n<p><a href=\"mailto:cajv@perroquet-perroquets.com\">cajv@perroquet-perroquets.com<\/a><\/p>\n\n\n\n<p>Inscrivez l&rsquo;adresse cajv@perroquet-perroquets.com dans votre liste de contacts pour \u00e9viter que nos r\u00e9ponses se retrouvent dans votre dossier Spam\/Ind\u00e9sirable. Si malgr\u00e9 tout vous ne recevez pas de r\u00e9ponse, contactez Philippe sur Facebook sur <a href=\"https:\/\/www.facebook.com\/profile.php?id=100005742228520\">https:\/\/www.facebook.com\/profile.php?id=100005742228520<\/a><\/p>\n","protected":false},"excerpt":{"rendered":"<p>Cliquez le lien pour vous connecter avec les codes qui vous ont \u00e9t\u00e9 transmis et voir vos vid\u00e9os. https:\/\/www.perroquet-perroquets.com\/formations\/wp-login.php &nbsp;&nbsp; Si vous n&rsquo;avez pas command\u00e9 de codes d&rsquo;acc\u00e8s, passez par la boutique: https:\/\/www.perroquet-perroquets.com\/boutique\/livres-DVD.php Si vous n&rsquo;avez pas re\u00e7u vos codes d&rsquo;acc\u00e8s apr\u00e8s 24 heures, contactez-nous: cajv@perroquet-perroquets.com Inscrivez l&rsquo;adresse cajv@perroquet-perroquets.com dans votre liste de contacts pour [&hellip;]<\/p>\n","protected":false},"author":1,"featured_media":0,"parent":0,"menu_order":0,"comment_status":"closed","ping_status":"closed","template":"","meta":{"footnotes":""},"class_list":["post-13","page","type-page","status-publish","hentry"],"_links":{"self":[{"href":"https:\/\/perroquet-perroquets.com\/formations\/index.php\/wp-json\/wp\/v2\/pages\/13","targetHints":{"allow":["GET"]}}],"collection":[{"href":"https:\/\/perroquet-perroquets.com\/formations\/index.php\/wp-json\/wp\/v2\/pages"}],"about":[{"href":"https:\/\/perroquet-perroquets.com\/formations\/index.php\/wp-json\/wp\/v2\/types\/page"}],"author":[{"embeddable":true,"href":"https:\/\/perroquet-perroquets.com\/formations\/index.php\/wp-json\/wp\/v2\/users\/1"}],"replies":[{"embeddable":true,"href":"https:\/\/perroquet-perroquets.com\/formations\/index.php\/wp-json\/wp\/v2\/comments?post=13"}],"version-history":[{"count":10,"href":"https:\/\/perroquet-perroquets.com\/formations\/index.php\/wp-json\/wp\/v2\/pages\/13\/revisions"}],"predecessor-version":[{"id":104,"href":"https:\/\/perroquet-perroquets.com\/formations\/index.php\/wp-json\/wp\/v2\/pages\/13\/revisions\/104"}],"wp:attachment":[{"href":"https:\/\/perroquet-perroquets.com\/formations\/index.php\/wp-json\/wp\/v2\/media?parent=13"}],"curies":[{"name":"wp","href":"https:\/\/api.w.org\/{rel}","templated":true}]}}