{"id":6,"date":"2026-01-03T15:08:57","date_gmt":"2026-01-03T15:08:57","guid":{"rendered":"https:\/\/perroquet-perroquets.com\/formations\/?page_id=6"},"modified":"2026-02-08T11:39:12","modified_gmt":"2026-02-08T11:39:12","slug":"formations-cajv","status":"publish","type":"page","link":"https:\/\/perroquet-perroquets.com\/formations\/","title":{"rendered":"Formations CAJV"},"content":{"rendered":"\n<p>Vous trouverez ici en acc\u00e8s libre un vid\u00e9o de pr\u00e9sentation des cours. \u00c9coutez le pour vous assurer que notre type de contenu vous convient et pour vous assurer que votre mat\u00e9riel supporte le chargement de nos vid\u00e9os.  Les vid\u00e9os peuvent \u00eatre lues sur Chrome et Firefox sur PC ou sur t\u00e9l\u00e9phone android. Pour inscription, veuillez passer par notre boutique.<\/p>\n\n\n\n<p>Vid\u00e9o pr\u00e9sentation des cours<\/p>\n\n\n<p><a href=\"https:\/\/perroquet-perroquets.com\/formations\/index.php\/video-dvd-la-tripolarite-comportementale-des-perroquets\/\">Vid\u00e9o: DVD La tripolarit\u00e9 comportementale des perroquets<\/a><\/p>\n\n\n<p><a href=\"https:\/\/perroquet-perroquets.com\/formations\/index.php\/video-dvd-les-tours-et-les-trucs\/\" data-type=\"page\" data-id=\"78\">Vid\u00e9o: DVD Les tours et les trucs<\/a><\/p>\n\n\n\n<p><\/p>\n\n\n\n<p><\/p>\n","protected":false},"excerpt":{"rendered":"<p>Vous trouverez ici en acc\u00e8s libre un vid\u00e9o de pr\u00e9sentation des cours. \u00c9coutez le pour vous assurer que notre type de contenu vous convient et pour vous assurer que votre mat\u00e9riel supporte le chargement de nos vid\u00e9os. Les vid\u00e9os peuvent \u00eatre lues sur Chrome et Firefox sur PC ou sur t\u00e9l\u00e9phone android. Pour inscription, veuillez [&hellip;]<\/p>\n","protected":false},"author":1,"featured_media":0,"parent":0,"menu_order":0,"comment_status":"closed","ping_status":"closed","template":"","meta":{"footnotes":""},"class_list":["post-6","page","type-page","status-publish","hentry"],"_links":{"self":[{"href":"https:\/\/perroquet-perroquets.com\/formations\/index.php\/wp-json\/wp\/v2\/pages\/6","targetHints":{"allow":["GET"]}}],"collection":[{"href":"https:\/\/perroquet-perroquets.com\/formations\/index.php\/wp-json\/wp\/v2\/pages"}],"about":[{"href":"https:\/\/perroquet-perroquets.com\/formations\/index.php\/wp-json\/wp\/v2\/types\/page"}],"author":[{"embeddable":true,"href":"https:\/\/perroquet-perroquets.com\/formations\/index.php\/wp-json\/wp\/v2\/users\/1"}],"replies":[{"embeddable":true,"href":"https:\/\/perroquet-perroquets.com\/formations\/index.php\/wp-json\/wp\/v2\/comments?post=6"}],"version-history":[{"count":7,"href":"https:\/\/perroquet-perroquets.com\/formations\/index.php\/wp-json\/wp\/v2\/pages\/6\/revisions"}],"predecessor-version":[{"id":142,"href":"https:\/\/perroquet-perroquets.com\/formations\/index.php\/wp-json\/wp\/v2\/pages\/6\/revisions\/142"}],"wp:attachment":[{"href":"https:\/\/perroquet-perroquets.com\/formations\/index.php\/wp-json\/wp\/v2\/media?parent=6"}],"curies":[{"name":"wp","href":"https:\/\/api.w.org\/{rel}","templated":true}]}}