{"id":78,"date":"2026-01-04T13:42:31","date_gmt":"2026-01-04T13:42:31","guid":{"rendered":"https:\/\/perroquet-perroquets.com\/formations\/?page_id=78"},"modified":"2026-01-31T14:24:14","modified_gmt":"2026-01-31T14:24:14","slug":"video-dvd-les-tours-et-les-trucs","status":"publish","type":"page","link":"https:\/\/perroquet-perroquets.com\/formations\/index.php\/video-dvd-les-tours-et-les-trucs\/","title":{"rendered":"Vid\u00e9o: DVD Les tours et les trucs"},"content":{"rendered":"\n<p>Retrouvez la version en ligne du DVD de 2005 film\u00e9 devant public avec Johanne Vaillancourt. Dur\u00e9e 2h32 r\u00e9partie en 9 sections.<\/p>\n\n\n\n<p>Achat de visionnement requis sur la boutique CAJV: <a href=\"https:\/\/www.perroquet-perroquets.com\/boutique\/livres-DVD.php\" target=\"_blank\" rel=\"noreferrer noopener\">https:\/\/www.perroquet-perroquets.com\/boutique\/livres-DVD.php<\/a><\/p>\n\n\n\n<p><\/p>\n\n\n\n<p><a href=\"https:\/\/perroquet-perroquets.com\/formations\/index.php\/dvd-les-tours-et-les-trucs\/\" data-type=\"page\" data-id=\"117\">DVD Les tours et les trucs 1<\/a><\/p>\n\n\n\n<p><a href=\"https:\/\/perroquet-perroquets.com\/formations\/index.php\/dvd-les-tours-et-les-trucs-2\/\" data-type=\"page\" data-id=\"121\">DVD Les tours et les trucs 2<\/a><\/p>\n\n\n\n<p><a href=\"https:\/\/perroquet-perroquets.com\/formations\/index.php\/dvd-les-tours-et-les-trucs-3\/\" data-type=\"page\" data-id=\"123\">DVD Les tours et les trucs 3<\/a><\/p>\n\n\n\n<p><a href=\"https:\/\/perroquet-perroquets.com\/formations\/index.php\/dvd-les-tours-et-les-trucs-4\/\" data-type=\"page\" data-id=\"125\">DVD Les tours et les trucs 4<\/a><\/p>\n\n\n\n<p><a href=\"https:\/\/perroquet-perroquets.com\/formations\/index.php\/dvd-les-tours-et-les-trucs-5\/\" data-type=\"page\" data-id=\"127\">DVD Les tours et les trucs 5<\/a><\/p>\n\n\n\n<p><a href=\"https:\/\/perroquet-perroquets.com\/formations\/index.php\/dvd-les-tours-et-les-trucs-6\/\" data-type=\"page\" data-id=\"129\">DVD Les tours et les trucs 6<\/a><\/p>\n\n\n\n<p><a href=\"https:\/\/perroquet-perroquets.com\/formations\/index.php\/dvd-les-tours-et-les-trucs-7\/\" data-type=\"page\" data-id=\"131\">DVD Les tours et les trucs 7<\/a><\/p>\n\n\n\n<p><a href=\"https:\/\/perroquet-perroquets.com\/formations\/index.php\/dvd-les-tours-et-les-trucs-8\/\" data-type=\"page\" data-id=\"133\">DVD Les tours et les trucs 8<\/a><\/p>\n\n\n\n<p><a href=\"https:\/\/perroquet-perroquets.com\/formations\/index.php\/dvd-les-tours-et-les-trucs-9\/\" data-type=\"page\" data-id=\"135\">DVD Les tours et les trucs 9<\/a><\/p>\n\n\n\n<p><\/p>\n","protected":false},"excerpt":{"rendered":"<p>Retrouvez la version en ligne du DVD de 2005 film\u00e9 devant public avec Johanne Vaillancourt. Dur\u00e9e 2h32 r\u00e9partie en 9 sections. Achat de visionnement requis sur la boutique CAJV: https:\/\/www.perroquet-perroquets.com\/boutique\/livres-DVD.php DVD Les tours et les trucs 1 DVD Les tours et les trucs 2 DVD Les tours et les trucs 3 DVD Les tours et [&hellip;]<\/p>\n","protected":false},"author":1,"featured_media":0,"parent":0,"menu_order":0,"comment_status":"closed","ping_status":"closed","template":"","meta":{"footnotes":""},"class_list":["post-78","page","type-page","status-publish","hentry"],"_links":{"self":[{"href":"https:\/\/perroquet-perroquets.com\/formations\/index.php\/wp-json\/wp\/v2\/pages\/78","targetHints":{"allow":["GET"]}}],"collection":[{"href":"https:\/\/perroquet-perroquets.com\/formations\/index.php\/wp-json\/wp\/v2\/pages"}],"about":[{"href":"https:\/\/perroquet-perroquets.com\/formations\/index.php\/wp-json\/wp\/v2\/types\/page"}],"author":[{"embeddable":true,"href":"https:\/\/perroquet-perroquets.com\/formations\/index.php\/wp-json\/wp\/v2\/users\/1"}],"replies":[{"embeddable":true,"href":"https:\/\/perroquet-perroquets.com\/formations\/index.php\/wp-json\/wp\/v2\/comments?post=78"}],"version-history":[{"count":2,"href":"https:\/\/perroquet-perroquets.com\/formations\/index.php\/wp-json\/wp\/v2\/pages\/78\/revisions"}],"predecessor-version":[{"id":138,"href":"https:\/\/perroquet-perroquets.com\/formations\/index.php\/wp-json\/wp\/v2\/pages\/78\/revisions\/138"}],"wp:attachment":[{"href":"https:\/\/perroquet-perroquets.com\/formations\/index.php\/wp-json\/wp\/v2\/media?parent=78"}],"curies":[{"name":"wp","href":"https:\/\/api.w.org\/{rel}","templated":true}]}}