{"id":84,"date":"2026-01-04T14:04:36","date_gmt":"2026-01-04T14:04:36","guid":{"rendered":"https:\/\/perroquet-perroquets.com\/formations\/?page_id=84"},"modified":"2026-01-30T15:16:06","modified_gmt":"2026-01-30T15:16:06","slug":"fonctionnement","status":"publish","type":"page","link":"https:\/\/perroquet-perroquets.com\/formations\/index.php\/fonctionnement\/","title":{"rendered":"Fonctionnement"},"content":{"rendered":"\n<p>Acc\u00e8s aux vid\u00e9os: tous les vid\u00e9os requi\u00e8rent des codes d&rsquo;acc\u00e8s que vous obtiendrez \u00e0 la boutique de CAJV \u00e0 l&rsquo;exception de la Pr\u00e9sentation des cours qui est disponible pour tous.<\/p>\n\n\n\n<p>Avant de commander des codes d&rsquo;acc\u00e8s, il est requis que vous visionniez la vid\u00e9o Pr\u00e9sentation des cours. Cela permet de s&rsquo;assurer que votre \u00e9quipement peut lire les vid\u00e9os avec une qualit\u00e9 qui vous convient et ce sans coupure.<\/p>\n\n\n\n<p>La licence de visionnement (codes d&rsquo;acc\u00e8s) est octroy\u00e9e \u00e0 une seule personne sur un seul appareil pour 2 visionnements. Dur\u00e9e d&rsquo;acc\u00e8s de 14 jours une fois les codes re\u00e7us. Dans le but de faire un suivi le nom de la personne qui prend l&rsquo;abonnement doit se retrouver sur la commande boutique et sur le paiement (PayPal ou virement Interac (Canada)). Des marqueurs comportant votre nom et courriel seront affich\u00e9s sur les vid\u00e9os pendant la diffusion.<\/p>\n\n\n\n<p>Les codes obtenus de la boutique sont activ\u00e9s sous 76 heures pendant notre phase de d\u00e9veloppement. Nous confirmons l&rsquo;activation par courriel. Si vous ne recevez pas de courriel de confirmation, vous pouvez nous joindre \u00e0 cajv@perroquet-perroquets.com ou contacter Philippe par Messenger sur Facebook.<\/p>\n\n\n\n<p>Si vous n&rsquo;avez pas command\u00e9 de codes d&rsquo;acc\u00e8s, passez par la boutique: <\/p>\n\n\n\n<p><a href=\"https:\/\/www.perroquet-perroquets.com\/boutique\/livres-DVD.php\">https:\/\/www.perroquet-perroquets.com\/boutique\/livres-DVD.php<\/a><\/p>\n\n\n\n<p>Si vous n&rsquo;avez pas re\u00e7u vos codes d&rsquo;acc\u00e8s apr\u00e8s 24 heures, contactez-nous:<\/p>\n\n\n\n<p><a href=\"mailto:cajv@perroquet-perroquets.com\">cajv@perroquet-perroquets.com<\/a><\/p>\n\n\n\n<p>Inscrivez l&rsquo;adresse cajv@perroquet-perroquets.com dans votre liste de contacts pour \u00e9viter que nos r\u00e9ponses se retrouvent dans votre dossier Spam\/Ind\u00e9sirable. Si malgr\u00e9 tout vous ne recevez pas de r\u00e9ponse, contactez Philippe sur Facebook sur <a href=\"https:\/\/www.facebook.com\/profile.php?id=100005742228520\">https:\/\/www.facebook.com\/profile.php?id=100005742228520<\/a><\/p>\n\n\n\n<p><\/p>\n\n\n\n<p>Vous aurez probablement besoin de vous connecter deux fois (2) pour avoir acc\u00e8s aux parties r\u00e9serv\u00e9es.<\/p>\n\n\n\n<p>\u00c0 la fin de votre session, il est recommand\u00e9 de vous d\u00e9connecter.<\/p>\n\n\n\n<p>Notez que la qualit\u00e9 vid\u00e9o des DVD est meilleure que celle des bandes annonces qui ont \u00e9t\u00e9 faites en basse r\u00e9solution.<\/p>\n","protected":false},"excerpt":{"rendered":"<p>Acc\u00e8s aux vid\u00e9os: tous les vid\u00e9os requi\u00e8rent des codes d&rsquo;acc\u00e8s que vous obtiendrez \u00e0 la boutique de CAJV \u00e0 l&rsquo;exception de la Pr\u00e9sentation des cours qui est disponible pour tous. Avant de commander des codes d&rsquo;acc\u00e8s, il est requis que vous visionniez la vid\u00e9o Pr\u00e9sentation des cours. Cela permet de s&rsquo;assurer que votre \u00e9quipement peut [&hellip;]<\/p>\n","protected":false},"author":1,"featured_media":0,"parent":0,"menu_order":0,"comment_status":"closed","ping_status":"closed","template":"","meta":{"footnotes":""},"class_list":["post-84","page","type-page","status-publish","hentry"],"_links":{"self":[{"href":"https:\/\/perroquet-perroquets.com\/formations\/index.php\/wp-json\/wp\/v2\/pages\/84","targetHints":{"allow":["GET"]}}],"collection":[{"href":"https:\/\/perroquet-perroquets.com\/formations\/index.php\/wp-json\/wp\/v2\/pages"}],"about":[{"href":"https:\/\/perroquet-perroquets.com\/formations\/index.php\/wp-json\/wp\/v2\/types\/page"}],"author":[{"embeddable":true,"href":"https:\/\/perroquet-perroquets.com\/formations\/index.php\/wp-json\/wp\/v2\/users\/1"}],"replies":[{"embeddable":true,"href":"https:\/\/perroquet-perroquets.com\/formations\/index.php\/wp-json\/wp\/v2\/comments?post=84"}],"version-history":[{"count":5,"href":"https:\/\/perroquet-perroquets.com\/formations\/index.php\/wp-json\/wp\/v2\/pages\/84\/revisions"}],"predecessor-version":[{"id":110,"href":"https:\/\/perroquet-perroquets.com\/formations\/index.php\/wp-json\/wp\/v2\/pages\/84\/revisions\/110"}],"wp:attachment":[{"href":"https:\/\/perroquet-perroquets.com\/formations\/index.php\/wp-json\/wp\/v2\/media?parent=84"}],"curies":[{"name":"wp","href":"https:\/\/api.w.org\/{rel}","templated":true}]}}